{"id":1532,"date":"2025-04-27T13:32:59","date_gmt":"2025-04-27T11:32:59","guid":{"rendered":"https:\/\/domainedelinars.fr\/?page_id=1532"},"modified":"2025-04-27T13:44:04","modified_gmt":"2025-04-27T11:44:04","slug":"politique-de-confidentialite-2","status":"publish","type":"page","link":"https:\/\/domainedelinars.fr\/?page_id=1532","title":{"rendered":"Mentions Legales"},"content":{"rendered":"\t\t<div data-elementor-type=\"wp-page\" data-elementor-id=\"1532\" class=\"elementor elementor-1532\" data-elementor-post-type=\"page\">\n\t\t\t\t<div class=\"elementor-element elementor-element-455f13d2 e-flex e-con-boxed e-con e-parent\" data-id=\"455f13d2\" data-element_type=\"container\" data-e-type=\"container\">\n\t\t\t\t\t<div class=\"e-con-inner\">\n\t\t\t\t<div class=\"elementor-element elementor-element-210fa6fb elementor-widget elementor-widget-text-editor\" data-id=\"210fa6fb\" data-element_type=\"widget\" data-e-type=\"widget\" data-widget_type=\"text-editor.default\">\n\t\t\t\t<div class=\"elementor-widget-container\">\n\t\t\t\t\t\t\t\t\t<p><strong>&nbsp;<\/strong><\/p>\n<h3 class=\"elementor-heading-title elementor-size-default\"><strong>&nbsp; &nbsp; &nbsp; &nbsp; &nbsp; &nbsp; &nbsp; &nbsp; &nbsp; &nbsp; &nbsp; &nbsp; &nbsp; &nbsp; &nbsp; &nbsp; &nbsp; &nbsp; &nbsp; &nbsp; &nbsp; &nbsp; &nbsp; &nbsp; MENTIONS L\u00c9GALES<\/strong><\/h3>\n<p><strong>&nbsp;<\/strong><\/p>\n<p><strong>&nbsp;<\/strong><\/p>\n<p><strong>&nbsp;<\/strong><\/p>\n<p><strong>EDITEUR DU SITE<\/strong>&nbsp;: domainedelinars.fr\/<\/p>\n<p><strong>QUI SOMMES-NOUS<\/strong>: L\u2019adresse de notre site est :&nbsp;<a href=\"https:\/\/protdpeintures.fr\/\">https:\/\/domainedelinars.fr\/<\/a><\/p>\n<p><strong>DIRECTEUR DE LA PUBLICATION<\/strong> : Joseph Burdin<\/p>\n<p><strong>ADRESSE \u00c9LECTRONIQUE<\/strong>&nbsp;:&nbsp;<span style=\"color: #5e5e5e; font-family: 'Google Sans', Roboto, RobotoDraft, Helvetica, Arial, sans-serif; font-size: 14px; font-style: inherit; font-weight: inherit;\">domainedelinars@gmail.com<\/span><\/p>\n<p><strong>T\u00c9L\u00c9PHONE :&nbsp;<\/strong>+33&nbsp;<span style=\"color: #222222; font-family: 'times new roman', serif; font-size: large; font-style: inherit; font-weight: inherit;\">637560452<\/span><\/p>\n<p><strong style=\"color: inherit; font-family: inherit; font-size: inherit; font-style: inherit;\">N\u00b0 SIRET DE L\u2019\u00c9TABLISSEMENT:<\/strong><span style=\"color: inherit; font-family: inherit; font-size: inherit; font-style: inherit; font-weight: inherit;\">&nbsp;<\/span><span style=\"font-style: inherit; font-weight: inherit; color: #222222; font-family: 'times new roman', serif; font-size: large;\">953 711413 000 13<\/span><\/p>\n<p><strong>COOKIES :&nbsp;<\/strong>Si vous d\u00e9posez un commentaire sur notre site, il vous sera propos\u00e9 d\u2019enregistrer votre nom, adresse e-mail et site dans des cookies. C\u2019est uniquement pour votre confort afin de ne pas avoir \u00e0 saisir ces informations si vous d\u00e9posez un autre commentaire plus tard. Ces cookies expirent au bout d\u2019un an.<\/p>\n<p>Si vous vous rendez sur la page de connexion, un cookie temporaire sera cr\u00e9\u00e9 afin de d\u00e9terminer si votre navigateur accepte les cookies. Il ne contient pas de donn\u00e9es personnelles et sera supprim\u00e9 automatiquement \u00e0 la fermeture de votre navigateur.<\/p>\n<p>Lorsque vous vous connecterez, nous mettrons en place un certain nombre de cookies pour enregistrer vos informations de connexion et vos pr\u00e9f\u00e9rences d\u2019\u00e9cran. La dur\u00e9e de vie d\u2019un cookie de connexion est de deux jours, celle d\u2019un cookie d\u2019option d\u2019\u00e9cran est d\u2019un an. Si vous cochez \u00ab&nbsp;Se souvenir de moi&nbsp;\u00bb, votre cookie de connexion sera conserv\u00e9 pendant deux semaines. Si vous vous d\u00e9connectez de votre compte, le cookie de connexion sera effac\u00e9.<\/p>\n<p>En modifiant ou en publiant une publication, un cookie suppl\u00e9mentaire sera enregistr\u00e9 dans votre navigateur. Ce cookie ne comprend aucune donn\u00e9e personnelle. Il indique simplement l\u2019ID de la publication que vous venez de modifier. Il expire au bout d\u2019un jour.<\/p>\n<p><strong>H\u00c9B\u00c9RGEUR DU SITE<\/strong>&nbsp;: OVH<\/p>\n<p><strong>POLITIQUE DE CONFIDENTIALIT\u00c9 :&nbsp;<\/strong>Le site https:\/\/domainedelinars.fr\/<a href=\"https:\/\/protdpeintures.fr\/\">&nbsp;<\/a>s\u2019engage \u00e0 ce que la collecte et le traitement de vos donn\u00e9es, effectu\u00e9s \u00e0 partir du site, soient conformes au r\u00e8glement g\u00e9n\u00e9ral sur la protection des donn\u00e9es (RGPD) et \u00e0 la loi Informatique et Libert\u00e9s.<\/p>\n<p><strong>RESPONSABLE DU TRAITEMENT DES DONN\u00c9ES :<\/strong><\/p>\n<ul>\n<li>\n<div style=\"color: #222222; font-family: 'times new roman', serif; font-size: large;\">Joseph Burdin<\/div>\n<\/li>\n<li><span style=\"color: #222222; font-family: 'times new roman', serif; font-size: large;\">454 Hameau Arnac 12430 Villefranche-de-Panat , France<\/span><\/li>\n<li>T\u00c9L: +33&nbsp;<span style=\"color: #222222; font-family: 'times new roman', serif; font-size: large;\">6 37 56 04 52<\/span><\/li>\n<\/ul>\n<p><strong>CONCEPTION ET R\u00c9ALISATION :<\/strong>&nbsp;Oublie Peter<\/p>\n<p><!-- \/wp:paragraph --><\/p>\t\t\t\t\t\t\t\t<\/div>\n\t\t\t\t<\/div>\n\t\t\t\t\t<\/div>\n\t\t\t\t<\/div>\n\t\t\t\t<\/div>\n\t\t","protected":false},"excerpt":{"rendered":"<p>&nbsp; &nbsp; &nbsp; &nbsp; &nbsp; &nbsp; &nbsp; &nbsp; &nbsp; &nbsp; &nbsp; &nbsp; &nbsp; &nbsp; &nbsp; &nbsp; &nbsp; &nbsp; &nbsp; &nbsp; &nbsp; &nbsp; &nbsp; &nbsp; &nbsp; MENTIONS L\u00c9GALES &nbsp; &nbsp; &nbsp; EDITEUR DU SITE&nbsp;: domainedelinars.fr\/ QUI SOMMES-NOUS: L\u2019adresse de notre site &hellip; <a href=\"https:\/\/domainedelinars.fr\/?page_id=1532\">Read More<\/a><\/p>\n","protected":false},"author":2,"featured_media":0,"parent":0,"menu_order":0,"comment_status":"closed","ping_status":"closed","template":"","meta":{"_seopress_robots_primary_cat":"","_seopress_titles_title":"","_seopress_titles_desc":"","_seopress_robots_index":"","footnotes":""},"class_list":["post-1532","page","type-page","status-publish","hentry"],"_links":{"self":[{"href":"https:\/\/domainedelinars.fr\/index.php?rest_route=\/wp\/v2\/pages\/1532","targetHints":{"allow":["GET"]}}],"collection":[{"href":"https:\/\/domainedelinars.fr\/index.php?rest_route=\/wp\/v2\/pages"}],"about":[{"href":"https:\/\/domainedelinars.fr\/index.php?rest_route=\/wp\/v2\/types\/page"}],"author":[{"embeddable":true,"href":"https:\/\/domainedelinars.fr\/index.php?rest_route=\/wp\/v2\/users\/2"}],"replies":[{"embeddable":true,"href":"https:\/\/domainedelinars.fr\/index.php?rest_route=%2Fwp%2Fv2%2Fcomments&post=1532"}],"version-history":[{"count":10,"href":"https:\/\/domainedelinars.fr\/index.php?rest_route=\/wp\/v2\/pages\/1532\/revisions"}],"predecessor-version":[{"id":1546,"href":"https:\/\/domainedelinars.fr\/index.php?rest_route=\/wp\/v2\/pages\/1532\/revisions\/1546"}],"wp:attachment":[{"href":"https:\/\/domainedelinars.fr\/index.php?rest_route=%2Fwp%2Fv2%2Fmedia&parent=1532"}],"curies":[{"name":"wp","href":"https:\/\/api.w.org\/{rel}","templated":true}]}}